{"id":1171,"date":"2024-07-30T06:31:20","date_gmt":"2024-07-30T04:31:20","guid":{"rendered":"https:\/\/mega.blocknote.dev\/video\/"},"modified":"2024-10-23T08:43:43","modified_gmt":"2024-10-23T06:43:43","slug":"video","status":"publish","type":"page","link":"https:\/\/www.equalitymoves.lu\/lu\/video\/","title":{"rendered":"Video"},"content":{"rendered":"<div class=\"fusion-fullwidth fullwidth-box fusion-builder-row-1 fusion-flex-container has-pattern-background has-mask-background yt-video hundred-percent-fullwidth non-hundred-percent-height-scrolling\" style=\"--awb-border-radius-top-left:0px;--awb-border-radius-top-right:0px;--awb-border-radius-bottom-right:0px;--awb-border-radius-bottom-left:0px;--awb-padding-top:0px;--awb-padding-right:0px;--awb-padding-bottom:0px;--awb-padding-left:0px;--awb-margin-top:0px;--awb-margin-bottom:0px;--awb-flex-wrap:wrap;\" ><div class=\"fusion-builder-row fusion-row fusion-flex-align-items-flex-start fusion-flex-content-wrap\" style=\"width:104% !important;max-width:104% !important;margin-left: calc(-4% \/ 2 );margin-right: calc(-4% \/ 2 );\"><div class=\"fusion-layout-column fusion_builder_column fusion-builder-column-0 fusion_builder_column_1_1 1_1 fusion-flex-column\" style=\"--awb-bg-size:cover;--awb-width-large:100%;--awb-margin-top-large:0px;--awb-spacing-right-large:1.92%;--awb-margin-bottom-large:0px;--awb-spacing-left-large:1.92%;--awb-width-medium:100%;--awb-order-medium:0;--awb-spacing-right-medium:1.92%;--awb-spacing-left-medium:1.92%;--awb-width-small:100%;--awb-order-small:0;--awb-spacing-right-small:1.92%;--awb-spacing-left-small:1.92%;\"><div class=\"fusion-column-wrapper fusion-column-has-shadow fusion-flex-justify-content-flex-start fusion-content-layout-column\"><iframe class=\"yt-video\" width=\"560\" height=\"315\" src=\"https:\/\/www.youtube.com\/embed\/Fxb0ge0diKA?si=NJrf6aEspx-A2zH1&rel=0\" title=\"YouTube video player\" frameborder=\"0\" allow=\"accelerometer; autoplay; clipboard-write; encrypted-media; gyroscope; picture-in-picture; web-share\" referrerpolicy=\"strict-origin-when-cross-origin\" allowfullscreen><\/iframe><\/div><\/div><\/div><\/div>\n","protected":false},"excerpt":{"rendered":"","protected":false},"author":1,"featured_media":0,"parent":0,"menu_order":0,"comment_status":"closed","ping_status":"closed","template":"100-width.php","meta":{"footnotes":""},"class_list":["post-1171","page","type-page","status-publish","hentry"],"yoast_head":"<!-- This site is optimized with the Yoast SEO plugin v23.1 - https:\/\/yoast.com\/wordpress\/plugins\/seo\/ -->\n<title>Video - Equality moves<\/title>\n<meta name=\"description\" content=\"In sports, everyone should have the opportunity to realize their potential and develop themselves, regardless of gender, identity, or sexual orientation.\" \/>\n<meta name=\"robots\" content=\"index, follow, max-snippet:-1, max-image-preview:large, max-video-preview:-1\" \/>\n<link rel=\"canonical\" href=\"https:\/\/www.equalitymoves.lu\/lu\/video\/\" \/>\n<meta property=\"og:locale\" content=\"en_US\" \/>\n<meta property=\"og:type\" content=\"article\" \/>\n<meta property=\"og:title\" content=\"Video - Equality moves\" \/>\n<meta property=\"og:description\" content=\"In sports, everyone should have the opportunity to realize their potential and develop themselves, regardless of gender, identity, or sexual orientation.\" \/>\n<meta property=\"og:url\" content=\"https:\/\/www.equalitymoves.lu\/lu\/video\/\" \/>\n<meta property=\"og:site_name\" content=\"Equality moves\" \/>\n<meta property=\"article:publisher\" content=\"https:\/\/www.facebook.com\/LuxembourgMEGA\" \/>\n<meta property=\"article:modified_time\" content=\"2024-10-23T06:43:43+00:00\" \/>\n<meta property=\"og:image\" content=\"https:\/\/www.equalitymoves.lu\/wp-content\/uploads\/2024\/07\/Equality_moves_youtube_thumbnail_240730-2-scaled.jpg\" \/>\n\t<meta property=\"og:image:width\" content=\"2048\" \/>\n\t<meta property=\"og:image:height\" content=\"1152\" \/>\n\t<meta property=\"og:image:type\" content=\"image\/jpeg\" \/>\n<meta name=\"twitter:card\" content=\"summary_large_image\" \/>\n<script type=\"application\/ld+json\" class=\"yoast-schema-graph\">{\"@context\":\"https:\/\/schema.org\",\"@graph\":[{\"@type\":\"WebPage\",\"@id\":\"https:\/\/www.equalitymoves.lu\/lu\/video\/\",\"url\":\"https:\/\/www.equalitymoves.lu\/lu\/video\/\",\"name\":\"Video - Equality moves\",\"isPartOf\":{\"@id\":\"https:\/\/www.equalitymoves.lu\/lu\/#website\"},\"datePublished\":\"2024-07-30T04:31:20+00:00\",\"dateModified\":\"2024-10-23T06:43:43+00:00\",\"description\":\"In sports, everyone should have the opportunity to realize their potential and develop themselves, regardless of gender, identity, or sexual orientation.\",\"breadcrumb\":{\"@id\":\"https:\/\/www.equalitymoves.lu\/lu\/video\/#breadcrumb\"},\"inLanguage\":\"lu-LU\",\"potentialAction\":[{\"@type\":\"ReadAction\",\"target\":[\"https:\/\/www.equalitymoves.lu\/lu\/video\/\"]}]},{\"@type\":\"BreadcrumbList\",\"@id\":\"https:\/\/www.equalitymoves.lu\/lu\/video\/#breadcrumb\",\"itemListElement\":[{\"@type\":\"ListItem\",\"position\":1,\"name\":\"Home\",\"item\":\"https:\/\/www.equalitymoves.lu\/lu\/\"},{\"@type\":\"ListItem\",\"position\":2,\"name\":\"Video\"}]},{\"@type\":\"WebSite\",\"@id\":\"https:\/\/www.equalitymoves.lu\/lu\/#website\",\"url\":\"https:\/\/www.equalitymoves.lu\/lu\/\",\"name\":\"Equality moves\",\"description\":\"\",\"publisher\":{\"@id\":\"https:\/\/www.equalitymoves.lu\/lu\/#organization\"},\"potentialAction\":[{\"@type\":\"SearchAction\",\"target\":{\"@type\":\"EntryPoint\",\"urlTemplate\":\"https:\/\/www.equalitymoves.lu\/lu\/?s={search_term_string}\"},\"query-input\":\"required name=search_term_string\"}],\"inLanguage\":\"lu-LU\"},{\"@type\":\"Organization\",\"@id\":\"https:\/\/www.equalitymoves.lu\/lu\/#organization\",\"name\":\"Minist\u00e8re de l'\u00c9galit\u00e9 des genres et de la Diversit\u00e9\",\"url\":\"https:\/\/www.equalitymoves.lu\/lu\/\",\"logo\":{\"@type\":\"ImageObject\",\"inLanguage\":\"lu-LU\",\"@id\":\"https:\/\/www.equalitymoves.lu\/lu\/#\/schema\/logo\/image\/\",\"url\":\"https:\/\/www.equalitymoves.lu\/wp-content\/uploads\/2024\/07\/mega-scaled.jpg\",\"contentUrl\":\"https:\/\/www.equalitymoves.lu\/wp-content\/uploads\/2024\/07\/mega-scaled.jpg\",\"width\":2560,\"height\":1345,\"caption\":\"Minist\u00e8re de l'\u00c9galit\u00e9 des genres et de la Diversit\u00e9\"},\"image\":{\"@id\":\"https:\/\/www.equalitymoves.lu\/lu\/#\/schema\/logo\/image\/\"},\"sameAs\":[\"https:\/\/www.facebook.com\/LuxembourgMEGA\",\"https:\/\/www.instagram.com\/luxembourgmega\/\",\"https:\/\/www.youtube.com\/@luxembourgMEGA\"]}]}<\/script>\n<!-- \/ Yoast SEO plugin. -->","yoast_head_json":{"title":"Video - Equality moves","description":"In sports, everyone should have the opportunity to realize their potential and develop themselves, regardless of gender, identity, or sexual orientation.","robots":{"index":"index","follow":"follow","max-snippet":"max-snippet:-1","max-image-preview":"max-image-preview:large","max-video-preview":"max-video-preview:-1"},"canonical":"https:\/\/www.equalitymoves.lu\/lu\/video\/","og_locale":"en_US","og_type":"article","og_title":"Video - Equality moves","og_description":"In sports, everyone should have the opportunity to realize their potential and develop themselves, regardless of gender, identity, or sexual orientation.","og_url":"https:\/\/www.equalitymoves.lu\/lu\/video\/","og_site_name":"Equality moves","article_publisher":"https:\/\/www.facebook.com\/LuxembourgMEGA","article_modified_time":"2024-10-23T06:43:43+00:00","og_image":[{"width":2048,"height":1152,"url":"https:\/\/www.equalitymoves.lu\/wp-content\/uploads\/2024\/07\/Equality_moves_youtube_thumbnail_240730-2-scaled.jpg","type":"image\/jpeg"}],"twitter_card":"summary_large_image","schema":{"@context":"https:\/\/schema.org","@graph":[{"@type":"WebPage","@id":"https:\/\/www.equalitymoves.lu\/lu\/video\/","url":"https:\/\/www.equalitymoves.lu\/lu\/video\/","name":"Video - Equality moves","isPartOf":{"@id":"https:\/\/www.equalitymoves.lu\/lu\/#website"},"datePublished":"2024-07-30T04:31:20+00:00","dateModified":"2024-10-23T06:43:43+00:00","description":"In sports, everyone should have the opportunity to realize their potential and develop themselves, regardless of gender, identity, or sexual orientation.","breadcrumb":{"@id":"https:\/\/www.equalitymoves.lu\/lu\/video\/#breadcrumb"},"inLanguage":"lu-LU","potentialAction":[{"@type":"ReadAction","target":["https:\/\/www.equalitymoves.lu\/lu\/video\/"]}]},{"@type":"BreadcrumbList","@id":"https:\/\/www.equalitymoves.lu\/lu\/video\/#breadcrumb","itemListElement":[{"@type":"ListItem","position":1,"name":"Home","item":"https:\/\/www.equalitymoves.lu\/lu\/"},{"@type":"ListItem","position":2,"name":"Video"}]},{"@type":"WebSite","@id":"https:\/\/www.equalitymoves.lu\/lu\/#website","url":"https:\/\/www.equalitymoves.lu\/lu\/","name":"Equality moves","description":"","publisher":{"@id":"https:\/\/www.equalitymoves.lu\/lu\/#organization"},"potentialAction":[{"@type":"SearchAction","target":{"@type":"EntryPoint","urlTemplate":"https:\/\/www.equalitymoves.lu\/lu\/?s={search_term_string}"},"query-input":"required name=search_term_string"}],"inLanguage":"lu-LU"},{"@type":"Organization","@id":"https:\/\/www.equalitymoves.lu\/lu\/#organization","name":"Minist\u00e8re de l'\u00c9galit\u00e9 des genres et de la Diversit\u00e9","url":"https:\/\/www.equalitymoves.lu\/lu\/","logo":{"@type":"ImageObject","inLanguage":"lu-LU","@id":"https:\/\/www.equalitymoves.lu\/lu\/#\/schema\/logo\/image\/","url":"https:\/\/www.equalitymoves.lu\/wp-content\/uploads\/2024\/07\/mega-scaled.jpg","contentUrl":"https:\/\/www.equalitymoves.lu\/wp-content\/uploads\/2024\/07\/mega-scaled.jpg","width":2560,"height":1345,"caption":"Minist\u00e8re de l'\u00c9galit\u00e9 des genres et de la Diversit\u00e9"},"image":{"@id":"https:\/\/www.equalitymoves.lu\/lu\/#\/schema\/logo\/image\/"},"sameAs":["https:\/\/www.facebook.com\/LuxembourgMEGA","https:\/\/www.instagram.com\/luxembourgmega\/","https:\/\/www.youtube.com\/@luxembourgMEGA"]}]}},"_links":{"self":[{"href":"https:\/\/www.equalitymoves.lu\/lu\/wp-json\/wp\/v2\/pages\/1171"}],"collection":[{"href":"https:\/\/www.equalitymoves.lu\/lu\/wp-json\/wp\/v2\/pages"}],"about":[{"href":"https:\/\/www.equalitymoves.lu\/lu\/wp-json\/wp\/v2\/types\/page"}],"author":[{"embeddable":true,"href":"https:\/\/www.equalitymoves.lu\/lu\/wp-json\/wp\/v2\/users\/1"}],"replies":[{"embeddable":true,"href":"https:\/\/www.equalitymoves.lu\/lu\/wp-json\/wp\/v2\/comments?post=1171"}],"version-history":[{"count":1,"href":"https:\/\/www.equalitymoves.lu\/lu\/wp-json\/wp\/v2\/pages\/1171\/revisions"}],"predecessor-version":[{"id":1172,"href":"https:\/\/www.equalitymoves.lu\/lu\/wp-json\/wp\/v2\/pages\/1171\/revisions\/1172"}],"wp:attachment":[{"href":"https:\/\/www.equalitymoves.lu\/lu\/wp-json\/wp\/v2\/media?parent=1171"}],"curies":[{"name":"wp","href":"https:\/\/api.w.org\/{rel}","templated":true}]}}